{"id":24,"date":"2024-03-14T15:06:41","date_gmt":"2024-03-14T14:06:41","guid":{"rendered":"https:\/\/s-nadelwerk.de\/shop\/agb\/"},"modified":"2024-03-15T11:10:20","modified_gmt":"2024-03-15T10:10:20","slug":"agb","status":"publish","type":"page","link":"https:\/\/s-nadelwerk.de\/shop\/agb\/","title":{"rendered":"AGB"},"content":{"rendered":"\n<h2 class=\"wp-block-heading\">Allgemeine Gesch\u00e4ftsbedingungen<\/h2>\n\n\n\n<p>\u00b4s Nadelwerk, J\u00fcrgen Schneider (im Folgendem \u00b4s Nadelwerk genannt)<\/p>\n\n\n\n<h2 class=\"wp-block-heading\">Geltung<\/h2>\n\n\n\n<p>Die allgemeinen Gesch\u00e4ftsbedingungen gelten f\u00fcr alle Gesch\u00e4ftsbeziehungen zwischen der Firma \u00b4s Nadelwerk und ihren Kunden in der zum Zeitpunkt des Vertragsabschlusses aktuellen Fassung. Die AGB gelten auch f\u00fcr k\u00fcnftige Gesch\u00e4ftsbeziehungen, auch wenn sie nicht nochmals ausdr\u00fccklich vereinbart werden. F\u00fcr den Fall, dass der Auftraggeber eigene \u201eAllgemeine Gesch\u00e4ftsbedingungen\u201c verwendet, die von diesen \u201eAllgemeinen Gesch\u00e4ftsbedingungen\u201c abweichen, gelten ausschlie\u00dflich die \u201eAllgemeinen Gesch\u00e4ftsbedingungen\u201c der Firma \u00b4s Nadelwerk.<\/p>\n\n\n\n<h2 class=\"wp-block-heading\">Preise und Angebote<\/h2>\n\n\n\n<p>Alle Angebote sind freibleibend und unverbindlich. F\u00fcr die Annahme des Vertrages ist ausschlie\u00dflich unsere schriftliche Auftragsbest\u00e4tigung ma\u00dfgebend. M\u00fcndliche und fernm\u00fcndliche Abmachungen sind nur dann verbindlich, wenn sie nachtr\u00e4glich schriftlich best\u00e4tigt werden. Die vereinbarten Preise verstehen sich in Euro rein netto zuz\u00fcglich der gesetzlichen Mehrwertsteuer; sie wird in gesetzlicher H\u00f6he am Tag der Rechnungstellung in der Rechnung gesondert ausgewiesen. Sofern sich aus der Auftragsbest\u00e4tigung nichts anderes ergibt, gelten unsere Preise \u201eab Werk\u201c, ausschlie\u00dflich Verpackung; diese wird gesondert in Rechnung gestellt.<\/p>\n\n\n\n<h2 class=\"wp-block-heading\">Lieferung und Versand<\/h2>\n\n\n\n<p>Liefertermine oder Fristen, die nicht ausdr\u00fccklich als verbindlich vereinbart worden sind, sind ausschlie\u00dflich unverbindliche Angaben. Die von uns angegebene Lieferzeit beginnt erst, wenn die technischen Fragen abgekl\u00e4rt sind sowie das Korrekturmuster freigegeben ist.<br>Ereignisse h\u00f6herer Gewalt sowie Streik, Betriebsst\u00f6rung, Verzug eines Vorlieferanten oder sonstige unvorhersehbaren Umst\u00e4nde verl\u00e4ngern die Lieferzeit angemessen. Wird durch die genannten Umst\u00e4nde die Lieferung unm\u00f6glich oder unzumutbar, werden wir von der Lieferverpflichtung frei. Schadenersatzanspr\u00fcche oder R\u00fccktritt vom Vertrags wegen versp\u00e4teter Lieferung oder Nichterf\u00fcllung des Vertrags k\u00f6nnen nur geltend gemacht werden, wenn die versp\u00e4tete Lieferung oder Nichterf\u00fcllung auf ein Verschulden der Firma \u00b4s Nadelwerk. zur\u00fcckzuf\u00fchren ist und der Auftraggeber uns vorher per Einschreiben in Verzug und eine angemessene Nachfrist gesetzt hat.<br>Bei einer Lieferung ohne vorherige Musterbest\u00e4tigung durch den Besteller, kann diese Lieferung im Nachhinein nicht bem\u00e4ngelt werden. Somit erfolgt die Ausf\u00fchrung der Bestellung auf Risiko des Bestellers. Wird Fremdware (Lieferung durch den Besteller) bestickt \/ bedruckt erfolgt die Ausf\u00fchrung grunds\u00e4tzlich auf Risiko des Bestellers. Fehler, die durch fernm\u00fcndliche Bestellung entstehen, k\u00f6nnen wegen \u00dcbermittlungsfehler nicht beanstandet werden.<br>Wir stellen alle Waren mit einem Paketdienstleister zu. Mit \u00dcbergabe der Waren an das Lieferunternehmen oder den Auftraggeber direkt hat die Firma \u00b4s Nadelwerk ihre Leistungspflicht erbracht und geht die Gefahr auf den Auftraggeber \u00fcber.<br>F\u00fcr jede Bestellung berechnen wir Versand- und Verpackungskostenanteil in H\u00f6he der tats\u00e4chlich angefallenen Kosten. Lieferungen ins Ausland sowie auf die inl\u00e4ndischen Inseln und Expresslieferungen werden gesondert berechnet. Nachnahmegeb\u00fchren des jeweiligen Paketdienstes gehen zu Lasten des Auftraggebers.<\/p>\n\n\n\n<h2 class=\"wp-block-heading\">Zahlung<\/h2>\n\n\n\n<p>Rechnungen sind innerhalb von 7 Tagen nach Rechnungsdatum ohne Abzug zur Zahlung f\u00e4llig. Bei Neukunden erfolgt die Erstlieferung per Vorkasse. (Beh\u00f6rden und \u00f6ffentliche Einrichtungen innerhalb Deutschlands k\u00f6nnen nach Absprache auf Rechnung bestellen.) Kommt der Besteller in Zahlungsverzug, so ist der Lieferer berechtigt, Verzugszinsen nach BGB zu folgen. F\u00fcr die Auftragserteilung im Namen Dritter haftet der Besteller f\u00fcr die Richtigkeit des Auftrages und die Bezahlung der gesamten Forderung.<\/p>\n\n\n\n<h2 class=\"wp-block-heading\">Auftrags\u00e4nderung<\/h2>\n\n\n\n<p>\u00c4nderungen nach Erhalt der Auftragsbest\u00e4tigung sind nur begrenzt und ggf. kostenpflichtig m\u00f6glich. Bei Auftragserg\u00e4nzungen kann eine Auftrags\u00e4nderungsgeb\u00fchr \u20ac 9,90 zzgl. Mehrwertsteuer berechnet werden. Bei \u00c4nderung des Produktes wird 10% des Wertes der betroffenen Textilien als \u00c4nderungsgeb\u00fchr berechnet. Bei Logo\u00e4nderungen k\u00f6nnen die, bis die \u00c4nderung entstandenen Erstellungskosten in Rechnung gestellt werden. Bei bereits bestickten oder bedruckten Waren sind keine \u00c4nderungen m\u00f6glich.<\/p>\n\n\n\n<h2 class=\"wp-block-heading\">Eigentumsvorbehalt<\/h2>\n\n\n\n<p>Die gelieferte Ware bleibt bis zur vollst\u00e4ndigen Bezahlung des Kaufpreises und aller sonstigen Forderungen der Firma \u00b4s Nadelwerk gegen den Auftraggeber aus der laufenden Gesch\u00e4ftsverbindung unser Eigentum.<br>Ist der Auftraggeber H\u00e4ndler, ist er berechtigt, die Waren der Firma \u00b4s Nadelwerk im ordnungsgem\u00e4\u00dfen Gesch\u00e4ftsverkehr weiter zu ver\u00e4u\u00dfern, solange er nicht im Zahlungsverzug ist. Die aus dem Weiterverkauf oder einem sonstigen Rechtsgrund bez\u00fcglich der Vorbehaltsware entstehenden Forderungen tritt der Auftraggeber bereits jetzt sicherungshalber in vollem Umfang an uns ab.<br>Soweit die von der Firma \u00b4s Nadelwerk gelieferten Waren weiterverarbeitet werden, wird uns an der neuen Sache ein Eigentumsanteil im Verh\u00e4ltnis des Wertes der Vorbehaltsware zu den anderen verarbeiteten Sachen im Zeitpunkt der Verarbeitung einger\u00e4umt.<\/p>\n\n\n\n<h2 class=\"wp-block-heading\">Farbabweichung<\/h2>\n\n\n\n<p>Wir weisen ausdr\u00fccklich darauf hin, dass es bei der \u00dcbermittlung der Muster durch elektronische Kommunikationsmittel zu Farbabweichungen kommen kann; dies bedeutet, dass das Muster auf dem Bildschirm des Empfangsger\u00e4ts des Kunden Farbabweichungen gegen\u00fcber der Wirklichkeit aufweisen kann. Hierf\u00fcr \u00fcbernehmen wir keinerlei Haftung und dies begr\u00fcndet auch keinen Mangel.<\/p>\n\n\n\n<h2 class=\"wp-block-heading\">Muster<\/h2>\n\n\n\n<p>Sollte der Kunde nach Einsichtnahme in das Muster von der Bestellung Abstand nehmen \u2013 obwohl wir ihm die Anfertigung eines neuen Musters nach seinen W\u00fcnschen angeboten haben \u2013 so hat der Kunde f\u00fcr den bisher angefallenen Aufwand eine pauschale Geb\u00fchr von 20% des Nettopreises der Bestellung zuz\u00fcglich gesetzlicher Mehrwertsteuer an uns zu bezahlen.<\/p>\n\n\n\n<h2 class=\"wp-block-heading\">Motive \/ Logos<\/h2>\n\n\n\n<p>Der Besteller ist f\u00fcr die Richtigkeit der Textangaben und des Logos selbst verantwortlich. Der Auftraggeber tr\u00e4gt das Risiko der Verwendbarkeit, der uns zur Verf\u00fcgung gestellten Motive f\u00fcr den jeweiligen von Ihm verfolgten Zweck und garantiert uns diesem frei von Rechten Dritten sind. Er haftet allein, sofern durch die Ausf\u00fchrung seines Auftrages Rechte (insbesondere Urheberrechte Dritter) verletzt werden. Der Auftraggeber hat uns von allen Anspr\u00fcchen Dritter wegen einer solchen Rechtsverletzung freizustellen. F\u00fcr die Pr\u00fcfung des Rechtes (Warenzeichen, Urheberrecht), der Vervielf\u00e4ltigung der Vorlagen, ist der Auftraggeber allein verantwortlich.<\/p>\n\n\n\n<h2 class=\"wp-block-heading\">Stickprogramme<\/h2>\n\n\n\n<p>Die Stickdatenprogramme, die f\u00fcr die vom Auftraggeber gew\u00fcnschte Stickerei angefertigt werden, sind als Umsetzung eines Logos in Stiche unsere geistige Leistung und k\u00f6nnen nur dadurch gesch\u00fctzt werden, dass diese Daten nicht herausgegeben werden. Der Auftraggeber hat kein Anrecht auf Herausgabe der Daten. Selbstverst\u00e4ndlich kann der Kunde das Stickprogramm f\u00fcr sp\u00e4tere Auftr\u00e4ge bei uns nutzen.<\/p>\n\n\n\n<h2 class=\"wp-block-heading\">Reklamation<\/h2>\n\n\n\n<p>Die Ware ist sofort nach Erhalt auf Vollst\u00e4ndigkeit und Richtigkeit zu \u00fcberpr\u00fcfen. Offensichtliche M\u00e4ngel zeigen Sie uns bitte innerhalb von 5 Tagen nach Empfang der Ware schriftlich an. Anspr\u00fcche des Kunden auf Gew\u00e4hrleistung sind ausgeschlossen, wenn dies innerhalb dieser Frist nicht angezeigt wird. Technisch nicht vermeidbare Abweichungen der Qualit\u00e4t, Breite, Farbe der Ausr\u00fcstung oder des Designs d\u00fcrfen nicht beanstandet werden. Insbesondere kann f\u00fcr kundeneigene Ware keine Haftung \u00fcbernommen werden. Bei berechtigten Beanstandungen hat der K\u00e4ufer das Recht auf Nachbesserung oder Lieferung von Ersatzware. Ersetzte Teile gehen in unser Eigentum \u00fcber. Erwirbt der Kunde in einem Auftrag mehrere Produkte, so wird mit Erteilung des Auftrags vereinbart, dass ein Anspruch auf Minderung oder Wandlung immer grunds\u00e4tzlich nur f\u00fcr das einzelne, von M\u00e4ngeln betroffene Produkt, besteht.<br>Die Firma \u00b4s Nadelwerk haftet nicht f\u00fcr Fehler, deren Auftreten durch den Auftraggeber verursacht wurden. F\u00fcr Fehler, die durch eine Behandlung der Textilien entgegen im Innenetikett der Textilien angebrachten Pflegehinweise entstehen, haftet die Firma \u00b4s Nadelwerk genauso wenig wie f\u00fcr gew\u00f6hnliche Abnutzungserscheinungen.<br>F\u00fcr alle von uns angegebenen Farbt\u00f6ne usw. gelten die branchen\u00fcblichen oder die entsprechend dem Verwendungszweck zumutbaren Toleranzen.<\/p>\n","protected":false},"excerpt":{"rendered":"<p>Allgemeine Gesch\u00e4ftsbedingungen \u00b4s Nadelwerk, J\u00fcrgen Schneider (im Folgendem \u00b4s Nadelwerk genannt) Geltung Die allgemeinen Gesch\u00e4ftsbedingungen gelten f\u00fcr alle Gesch\u00e4ftsbeziehungen zwischen der Firma \u00b4s Nadelwerk und ihren Kunden in der zum Zeitpunkt des Vertragsabschlusses aktuellen Fassung. Die AGB gelten auch f\u00fcr k\u00fcnftige Gesch\u00e4ftsbeziehungen, auch wenn sie nicht nochmals ausdr\u00fccklich vereinbart werden. F\u00fcr den Fall, dass der [&hellip;]<\/p>\n","protected":false},"author":1,"featured_media":0,"parent":0,"menu_order":0,"comment_status":"closed","ping_status":"closed","template":"","meta":{"footnotes":""},"class_list":["post-24","page","type-page","status-publish","hentry","entry","owp-thumbs-layout-horizontal","owp-btn-normal","owp-tabs-layout-horizontal","has-no-thumbnails","has-product-nav"],"_links":{"self":[{"href":"https:\/\/s-nadelwerk.de\/shop\/wp-json\/wp\/v2\/pages\/24","targetHints":{"allow":["GET"]}}],"collection":[{"href":"https:\/\/s-nadelwerk.de\/shop\/wp-json\/wp\/v2\/pages"}],"about":[{"href":"https:\/\/s-nadelwerk.de\/shop\/wp-json\/wp\/v2\/types\/page"}],"author":[{"embeddable":true,"href":"https:\/\/s-nadelwerk.de\/shop\/wp-json\/wp\/v2\/users\/1"}],"replies":[{"embeddable":true,"href":"https:\/\/s-nadelwerk.de\/shop\/wp-json\/wp\/v2\/comments?post=24"}],"version-history":[{"count":2,"href":"https:\/\/s-nadelwerk.de\/shop\/wp-json\/wp\/v2\/pages\/24\/revisions"}],"predecessor-version":[{"id":71,"href":"https:\/\/s-nadelwerk.de\/shop\/wp-json\/wp\/v2\/pages\/24\/revisions\/71"}],"wp:attachment":[{"href":"https:\/\/s-nadelwerk.de\/shop\/wp-json\/wp\/v2\/media?parent=24"}],"curies":[{"name":"wp","href":"https:\/\/api.w.org\/{rel}","templated":true}]}}