{"id":3,"date":"2024-03-14T14:48:03","date_gmt":"2024-03-14T13:48:03","guid":{"rendered":"https:\/\/s-nadelwerk.de\/shop\/?page_id=3"},"modified":"2024-12-18T21:33:26","modified_gmt":"2024-12-18T20:33:26","slug":"datenschutzerklaerung","status":"publish","type":"page","link":"https:\/\/s-nadelwerk.de\/shop\/datenschutzerklaerung\/","title":{"rendered":"Datenschutzerkl\u00e4rung"},"content":{"rendered":"\n<h2 class=\"wp-block-heading\">Datenschutzerkl\u00e4rung<\/h2>\n\n\n\n<p>Die Kontaktdaten des Unternehmens:<br>\u00b4s Nadelwerk, J\u00fcrgen Schneider<br>Eschenweg 23\/1, D-88356 Ostrach<br>E-Mail-Adresse: info@s-nadelwerk.de<\/p>\n\n\n\n<p>Die Kontaktdaten des Datenschutzbeauftragten:<br>\u00b4s Nadelwerk, J\u00fcrgen Schneider<br>Eschenweg 23\/1, D-88356 Ostrach<br>E-Mail-Adresse: info@s-nadelwerk.de<\/p>\n\n\n\n<h2 class=\"wp-block-heading\">Datenschutzerkl\u00e4rung<\/h2>\n\n\n\n<p>Sie erhalten als Nutzer unserer Internetseite in dieser Datenschutzerkl\u00e4rung alle notwendigen Informationen dar\u00fcber, wie, in welchem Umfang sowie zu welchem Zweck wir oder Drittanbieter Daten von Ihnen erheben und diese verwenden. Die Erhebung und Nutzung Ihrer Daten erfolgt streng nach den Vorgaben des Bundesdatenschutzgesetzes (BDSG) und des Telemediengesetzes (TMG). Wir f\u00fchlen uns der Vertraulichkeit Ihrer personenbezogenen Daten besonders verpflichtet und arbeiten deshalb streng innerhalb der Grenzen, die die gesetzlichen Vorgaben uns setzen. Die Erhebung dieser personenbezogenen Daten erfolgt auf freiwilliger Basis, wenn uns das m\u00f6glich ist. Auch geben wir diese Daten nur mit Ihrer ausdr\u00fccklichen Zustimmung an Dritte weiter. Wir sorgen bei besonders vertraulichen Daten wie im Zahlungsverkehr oder im Hinblick auf Ihre Anfragen an uns durch Einsatz einer SSL-Verschl\u00fcsselung f\u00fcr hohe Sicherheit. Wir m\u00f6chten es aber an dieser Stelle nicht vers\u00e4umen, auf die allgemeinen Gefahren der Internetnutzung hinzuweisen, auf die wir keinen Einfluss haben. Besonders im E-Mail-Verkehr sind Ihre Daten ohne weitere Vorkehrungen nicht sicher und k\u00f6nnen unter Umst\u00e4nden von Dritten erfasst werden.<\/p>\n\n\n\n<h2 class=\"wp-block-heading\">Auskunft, L\u00f6schung, Sperrung<\/h2>\n\n\n\n<p>Sie erhalten jederzeit unentgeltlich Auskunft \u00fcber die von uns gespeicherten personenbezogenen Daten zu Ihrer Person sowie zur Herkunft, dem Empf\u00e4nger und dem Zweck von Datenerhebung sowie Datenverarbeitung. Au\u00dferdem haben Sie das Recht, die Berichtigung, die Sperrung oder L\u00f6schung Ihrer Daten zu verlangen. Ausgenommen davon sind Daten, die aufgrund gesetzlicher Vorschriften aufbewahrt oder zur ordnungsgem\u00e4\u00dfen Gesch\u00e4ftsabwicklung ben\u00f6tigt werden. Damit eine Datensperre jederzeit realisiert werden kann, werden Daten zu Kontrollzwecken in einer Sperrdatei vorgehalten. Werden Daten nicht von einer gesetzlichen Archivierungspflicht erfasst, l\u00f6schen wir Ihre Daten auf Ihren Wunsch. Greift die Archivierungspflicht, sperren wir Ihre Daten. F\u00fcr alle Fragen und Anliegen zur Berichtigung, Sperrung oder L\u00f6schung von personenbezogenen Daten wenden Sie sich bitte an unseren Datenschutzbeauftragten unter den Kontaktdaten in dieser Datenschutzerkl\u00e4rung bzw. an die im Impressum genannte Adresse.<\/p>\n\n\n\n<h2 class=\"wp-block-heading\">Cookies<\/h2>\n\n\n\n<p>Wir verwenden auf unserer Webseite Cookies. Diese kleinen Textdateien werden von unserem Server aus auf Ihrem PC gespeichert. Sie unterst\u00fctzen die Darstellung unserer Webseite und helfen Ihnen, sich auf unserer Webseite zu bewegen.<br>Cookies erfassen Daten zu Ihrer IP-Adresse, zu Ihrem Browser, Ihrem Betriebssystem und Ihrer Internetverbindung. Diese Informationen verbinden wir nicht mit personenbezogenen Daten und geben sie nicht an Dritte weiter. Keinesfalls werden Cookies von uns dazu benutzt, Schad- oder Spionageprogramme auf Ihren Rechner zu bringen.<br>Sie k\u00f6nnen unsere Webseite auch ohne den Einsatz von Cookies nutzen, wodurch m\u00f6glicherweise einige Darstellungen und Funktionen unseres Angebots nur eingeschr\u00e4nkt arbeiten. Wenn Sie die Cookies deaktivieren m\u00f6chten, k\u00f6nnen Sie das \u00fcber spezielle Einstellungen Ihres Browsers erreichen. Nutzen Sie bitte dessen Hilfsfunktion, um die entsprechenden \u00c4nderungen vornehmen zu k\u00f6nnen.<br>Online-Anzeigen-Cookies k\u00f6nnen Sie \u00fcber folgende Links verwalten:<br><a href=\"http:\/\/www.aboutads.info\/choices\">http:\/\/www.aboutads.info\/choices<\/a>&nbsp;f\u00fcr die USA<br><a href=\"http:\/\/www.youronlinechoices.com\/uk\/your-ad-choices\">http:\/\/www.youronlinechoices.com\/uk\/your-ad-choices<\/a>&nbsp;f\u00fcr Europa<\/p>\n\n\n\n<h2 class=\"wp-block-heading\">Erbringung kostenpflichtiger Dienste<\/h2>\n\n\n\n<p>Sollten Sie die auf unserer Webseite angebotenen kostenpflichtigen Leistungen und Dienste nutzen wollen, m\u00fcssen wir zu Abrechnungszwecken und aus Sicherheitsgr\u00fcnden unter Umst\u00e4nden weitere Daten von Ihnen erheben. Regelm\u00e4\u00dfig geht es hier um Ihren Name, eine g\u00fcltige E-Mail-Adresse und gegebenenfalls auch Ihre Anschrift und Ihre Telefonnummer sowie je nach Einzelfall um weitere Informationen. Es kann dabei auch um Inhalte gehen, die uns eine \u00dcberpr\u00fcfung der angegebenen Daten erlauben, wie etwa Ihre Inhaberschaft bez\u00fcglich der angegebenen E-Mail-Adresse. Wir m\u00fcssen aus rechtlichen Gr\u00fcnden sicherstellen, dass Sie die angebotenen Leistungen tats\u00e4chlich empfangen m\u00f6chten, und wir Ihnen die Leistung ordnungsgem\u00e4\u00df in Rechnung stellen k\u00f6nnen. Wir arbeiten im Zahlungsverkehr zur Sicherung Ihrer Daten mit dem Verschl\u00fcsselungsstandard SSL, erkennbar an der Browserzeile \u201ehttps:\/\/\u201c.<\/p>\n\n\n\n<h2 class=\"wp-block-heading\">Erhebung von Zugriffsdaten<\/h2>\n\n\n\n<p>Die Auslieferung und Darstellung der Inhalte \u00fcber unsere Webseite erfordert technisch die Erfassung bestimmter Daten. Mit Ihrem Zugriff auf unsere Webseite werden diese sogenannten Server-Logfiles durch uns oder den Provider des Webspace erfasst. Diese Logfiles erlauben keinen R\u00fcckschluss auf Sie und Ihre Person.<\/p>\n\n\n\n<p>Die entsprechenden Informationen bestehen aus dem Namen der Webseite, der Datei, dem aktuellen Datum, der Datenmenge, dem Webrowser und seiner Version, dem eingesetzten Betriebssystem, dem Domain-Namen Ihres Internet-Providers, der Referrer-URL als jene Seite, von der Sie auf unsere Seite gewechselt sind, sowie der entsprechenden IP-Adresse.<\/p>\n\n\n\n<p>Wir nutzen diese Daten zur Darstellung und Auslieferung unserer Inhalte sowie zu statistischen Zwecken. Die Informationen unterst\u00fctzen die Bereitstellung und st\u00e4ndige Verbesserung unseres Angebots. Auch behalten wir uns vor, die erw\u00e4hnten Daten nachtr\u00e4glich zu pr\u00fcfen, sollte der Verdacht auf eine rechtswidrige Nutzung unseres Angebotes bestehen.<\/p>\n\n\n\n<h2 class=\"wp-block-heading\">Newsletter<\/h2>\n\n\n\n<p>Zum Versenden unseres Newsletters ben\u00f6tigen wir von Ihnen eine E-Mail-Adresse und Ihren Namen (damit wir Sie vern\u00fcnftig ansprechen k\u00f6nnen). Eine Verifizierung der angegebenen E-Mail-Adresse ist notwendig und der Empfang des Newsletters ist einzuwilligen. Erg\u00e4nzende Daten werden nicht erhoben oder sind freiwillig. Die Verwendung der Daten erfolgt ausschlie\u00dflich f\u00fcr den Versand des Newsletters.<\/p>\n\n\n\n<p>Die bei der Newsletteranmeldung gemachten Daten werden ausschlie\u00dflich auf Grundlage Ihrer Einwilligung (Art. 6 Abs. 1 lit. a DSGVO) verarbeitet. Ein Widerruf Ihrer bereits erteilten Einwilligung ist jederzeit m\u00f6glich. F\u00fcr den Widerruf gen\u00fcgt eine formlose Mitteilung per E-Mail oder Sie melden sich \u00fcber den \u201eNewsletter abmelden&nbsp;\u201e-Link im Newsletter ab. Die Rechtm\u00e4\u00dfigkeit der bereits erfolgten Datenverarbeitungsvorg\u00e4nge bleibt vom Widerruf unber\u00fchrt.<\/p>\n\n\n\n<p>Zur Einrichtung des Abonnements eingegebene Daten werden im Falle der Abmeldung gel\u00f6scht. Sollten diese Daten f\u00fcr andere Zwecke und an anderer Stelle an uns \u00fcbermittelt worden sein, verbleiben diese weiterhin bei uns.<\/p>\n\n\n\n<h2 class=\"wp-block-heading\">Inhalte und Dienste von Drittanbietern<\/h2>\n\n\n\n<p>Das Angebot auf unserer Webseite erfasst unter Umst\u00e4nden auch Inhalte, Dienste und Leistungen von anderen Anbietern, die unser Angebot erg\u00e4nzen. Beispiele f\u00fcr solche Angebote sind Karten von Google-Maps, YouTube-Videos oder Grafikdarstellungen Dritter. Der Aufruf dieser Leistungen von dritter Seite erfordert regelm\u00e4\u00dfig die \u00dcbermittlung Ihrer IP-Adresse. Damit ist es diesen Anbietern m\u00f6glich, Ihre Nutzer-IP-Adresse wahrzunehmen und diese auch zu speichern.<br>Wir bem\u00fchen uns sehr, nur solche Drittanbieter einzubeziehen, die IP-Adressen allein zur Auslieferung der Inhalte nutzen. Wir haben dabei jedoch keinen Einfluss darauf, welcher Drittanbieter gegebenenfalls die IP-Adresse speichert. Diese Speicherung kann zum Beispiel statistischen Zwecken dienen. Sollten wir von Speicherungsvorg\u00e4ngen durch Drittanbieter Kenntnis erlangen, weisen wir unsere Nutzer unverz\u00fcglich auf diese Tatsache hin.<br>Beachten Sie bitte in diesem Zusammenhang auch die speziellen Datenschutzerkl\u00e4rungen zu einzelnen Drittanbietern und Dienstleistern, deren Service wir auf unserer Webseite nutzen. Sie finden Sie ebenfalls in dieser Datenschutzerkl\u00e4rung.<\/p>\n\n\n\n<h2 class=\"wp-block-heading\">Personenbezogene Daten<\/h2>\n\n\n\n<p>Personenbezogene Daten erheben wir im Rahmen von Datenvermeidung und Datensparsamkeit nur in dem Ausma\u00df und so lange, wie es zur Nutzung unserer Webseite notwendig ist, beziehungsweise vom Gesetzgeber vorgeschrieben wird. Wir nehmen den Schutz Ihrer pers\u00f6nlichen Daten ernst und halten uns bei Erhebung und Verarbeitung personenbezogener Daten streng an die entsprechenden gesetzlichen Vorschriften und an diese Datenschutzerkl\u00e4rung. F\u00e4llt der Zweck der Datenerhebung weg oder ist das Ende der gesetzlichen Speicherfrist erreicht, werden die erhobenen Daten gesperrt oder gel\u00f6scht.<br>Regelm\u00e4\u00dfig kann unsere Webseite ohne die Weitergabe pers\u00f6nlicher Daten genutzt werden. Wenn wir personenbezogene Daten erheben \u2013 etwa Ihren Namen, Ihre Anschrift oder Ihre E-Mail-Adresse \u2013 erfolgt diese Datenerhebung freiwillig. Ohne eine ausdr\u00fccklich erteilte Zustimmung von Ihrer Seite werden diese Daten Dritten nicht zur Kenntnis gebracht.<br>Beachten Sie bitte, dass Daten im Internet allgemein nicht immer sicher \u00fcbertragen werden. Besonders im E-Mail-Verkehr kann der Schutz beim Datenaustausch nicht garantiert werden.<\/p>\n\n\n\n<h2 class=\"wp-block-heading\">Server Logfiles<\/h2>\n\n\n\n<p>Bei den Server Logfiles handelt es sich um anonymisierte Daten, die bei Ihrem Zugriff auf unsere Webseite erfasst werden. Diese Informationen erm\u00f6glichen keine R\u00fcckschl\u00fcsse auf Sie pers\u00f6nlich, sind aber aus technischen Gr\u00fcnden f\u00fcr die Auslieferung und Darstellung unserer Inhalte unverzichtbar. Weiterhin dienen Sie unserer Statistik und der st\u00e4ndigen Optimierung unserer Inhalte. Typische Logfiles sind das Datum und die Zeit des Zugriffs, die Datenmenge, der f\u00fcr den Zugriff benutzte Browser und seine Version, das eingesetzte Betriebssystem, der Domainname des von Ihnen beauftragten Providers, die Seite, von der Sie zu unserem Angebot gekommen sind (Referrer-URL) und Ihre IP-Adresse. Logfiles erm\u00f6glichen au\u00dferdem eine genaue Pr\u00fcfung bei Verdacht auf eine rechtswidrige Nutzung unserer Webseite.<\/p>\n\n\n\n<h2 class=\"wp-block-heading\">SSL-Verschl\u00fcsselung<\/h2>\n\n\n\n<p>Unsere Webseite bedient sich einer SSL-Verschl\u00fcsselung, wenn es um die \u00dcbermittlung vertraulicher oder pers\u00f6nlicher Inhalte unserer Nutzer geht. Diese Verschl\u00fcsslung wird zum Beispiel bei der Abwicklung des Zahlungsverkehrs sowie bei Anfragen aktiviert, die Sie an uns \u00fcber unsere Webseite stellen. Achten Sie bitte darauf, dass die SSL-Verschl\u00fcsselung bei entsprechenden Aktivit\u00e4ten von Ihrer Seite her aktiviert ist. Der Einsatz der Verschl\u00fcsselung ist leicht zu erkennen: Die Anzeige in Ihrer Browserzeile wechselt von \u201ehttp:\/\/\u201c zu \u201ehttps:\/\/\u201c. \u00dcber SSL verschl\u00fcsselte Daten sind nicht von Dritten lesbar. \u00dcbermitteln Sie Ihre vertraulichen Informationen nur bei aktivierter SSL-Verschl\u00fcsselung und wenden Sie sich im Zweifel an uns.<\/p>\n\n\n\n<h2 class=\"wp-block-heading\">Widerspruch Werbe-E-Mails<\/h2>\n\n\n\n<p>Im Rahmen der gesetzlichen Impressumspflicht m\u00fcssen wir unsere Kontaktdaten ver\u00f6ffentlichen. Diese werden von dritten Personen teilweise zur \u00dcbersendung nicht erw\u00fcnschter Werbung und Informationen genutzt. Wir widersprechen hiermit jeglicher von uns nicht ausdr\u00fccklich autorisierten \u00dcbersendung von Werbematerial aller Art. Wir behalten uns ferner ausdr\u00fccklich rechtliche Schritte gegen die unerw\u00fcnschte und unverlangte Zusendung von Werbematerial vor. Dies gilt insbesondere f\u00fcr sogenannte Spam-E-Mails, Spam-Briefe und Spam-Faxe. Wir weisen darauf hin, dass die unautorisierte \u00dcbermittlung von Werbematerial sowohl wettbewerbsrechtliche, zivilrechtliche und strafrechtliche Tatbest\u00e4nde ber\u00fchren kann. Speziell Spam-E-Mails und Spam-Faxe k\u00f6nnen zu hohen Schadensersatzforderungen f\u00fchren, wenn sie den Gesch\u00e4ftsbetrieb durch \u00dcberf\u00fcllung von Postf\u00e4chern oder Faxger\u00e4ten st\u00f6ren.<\/p>\n\n\n\n<h2 class=\"wp-block-heading\">Facebook Plugin<\/h2>\n\n\n\n<p>Sie finden auf unserer Webseite Plugins des sozialen Netzwerks Facebook. Dessen Anbieter ist die Facebook Inc. Sie ist ans\u00e4ssig in den USA, California 94025, 1 Hacker Way, Menlo Park. Das Facebook-Logo oder der \u201eLike-Button\u201c (\u201eGef\u00e4llt mir\u201c-Knopf) auf unserer Seite kennzeichnen die Facebook-Plugins f\u00fcr Sie erkennbar. Beachten Sie auch die \u00dcbersicht zu den Facebook-Plugins auf http:\/\/developers.facebook.com\/docs\/plugins\/.<br>Bei Ihrem Besuch auf unserer Webseite stellen wir \u00fcber das Plugin direkt eine Verbindung mit dem Facebook-Server her. Sie sind dann \u00fcber Ihren Browser dorthin geschaltet. F\u00fcr Facebook ist damit die Information verbunden, dass Sie unsere Webseite mit Ihrer IP-Adresse besucht haben. Mit einem Klick auf den Facebook \u201eLike-Button\u201c verlinken Sie Inhalte unserer Webseite mit Ihrem Profil auf Facebook. F\u00fcr Facebook wird der Besuch auf unserer Seite Ihrem Benutzerkonto zuordenbar. Dabei haben wir keine Kenntnis dar\u00fcber, welcher Art die Inhalte sind, die an Facebook \u00fcbermittelt werden und wie Facebook diese nutzt.<br>Erhalten Sie n\u00e4here Informationen zur Datenerhebung und Datennutzung in der Facebook-Datenschutzerkl\u00e4rung, die Sie unter http:\/\/de-de.facebook.com\/policy.php finden.<br>Sie k\u00f6nnen die Zuordnung Ihres Besuches auf unserer Seite mit Ihrem Facebook-Profil unterbinden, indem Sie sich einfach vorher aus Ihrem Facebook-Account ausloggen.<\/p>\n\n\n\n<h2 class=\"wp-block-heading\">Google AdWords<\/h2>\n\n\n\n<p>Wir nutzen auf unserer Webseite mit Google AdWords ein Online-Werbeprogramm der Google Inc. Dabei wird auch das Conversion-Tracking eingesetzt. Mit diesem Tool setzt Google AdWords ein Cookie auf Ihrem PC, wenn Sie \u00fcber eine Google-Werbeanzeige auf unsere Webseite kommen. Das Cookie hat nach 30 Tagen keine G\u00fcltigkeit mehr. Es dient keiner pers\u00f6nlichen R\u00fcckverfolgbarkeit. Besuchen Sie als Nutzer unsere Webseite und das Cookie arbeitet noch, wird f\u00fcr uns gemeinsam mit Google erkennbar, dass Sie auf die entsprechende Anzeige geklickt haben und zu unserer Seite weitergeleitet wurden. Dabei wird jedem Google AdWords-Kunden ein anderes Cookie zugewiesen. Cookies sind so nicht \u00fcber die Webseiten der AdWords-Kunden nachverfolgbar.<br>Mit den durch Conversion-Cookies eingeholten Daten werden Conversion-Statistiken f\u00fcr AdWords-Kunden erstellt. Wir als Kunden erfahren so die Gesamtanzahl der Nutzer, die auf unsere Anzeige reagiert haben und dann zu einer Webseite durchgeleitet wurden, die mit einem Conversion-Tracking-Tag versehen wurde. Wir erhalten bei diesem Vorgang keine Informationen, mit denen wir Sie als Nutzer pers\u00f6nlich identifizieren k\u00f6nnten.<br>Sollten Sie das Tracking-Verfahren ablehnen, l\u00e4sst sich das Cookie des Google-Conversion-Trackings \u00fcber Ihren Internet-Browser deaktivieren. Nutzen Sie gegebenenfalls die Hilfe-Funktion des Browsers f\u00fcr weitere Informationen. N\u00e4heres zu den Datenschutzbestimmungen von Google erfahren Sie unter http:\/\/www.google.de\/policies\/privacy\/.<\/p>\n\n\n\n<h2 class=\"wp-block-heading\">Verwendung von Google Analytics<\/h2>\n\n\n\n<p>Wir nutzen auf unserer Webseite den Webanalysedienst Google Analytics von Google Inc. Dieser setzt Cookies ein. Dabei handelt es sich um Textdateien, die durch Speicherung auf Ihrem PC eine Analyse zu Ihrem Nutzerverhalten in Bezug auf unsere Webseite erlauben. Die Cookies erzeugen Informationen, die an einen Google-Server \u00fcbertragen werden. Diese Server befinden sich in der Regel in den USA, folgen aber Abkommen zur Nutzung des europ\u00e4ischen Wirtschaftsraumes und k\u00fcrzen Ihre IP-Adresse vor \u00dcbermittlung in die Vereinigten Staaten. Nur in Ausnahmef\u00e4llen wird die IP-Adresse erst nach \u00dcbermittlung in die USA gek\u00fcrzt. Google wertet die \u00fcbermittelten Informationen aus und erbringt in diesem Kontext weitere Dienstleistungen f\u00fcr uns Webseitenbetreiber. Dabei wird die ermittelte IP-Adresse nicht mit anderen Google-Services zusammengef\u00fchrt.<br>\u00dcber eine \u00c4nderung Ihrer Browsereinstellungen k\u00f6nnen Sie die Speicherung von Cookies auf Ihrem Rechner unterbinden. Damit k\u00f6nnen allerdings Darstellungs- und Funktionseinschr\u00e4nkungen bei der Nutzung unserer Webseite verbunden sein.<br>Ein Browser-Plugin verhindert dar\u00fcber hinaus die Erfassung sowie Nutzung der durch die Cookies erzeugten Daten. Sie k\u00f6nnen es unter folgendem Link herunterladen: https:\/\/tools.google.com\/dlpage\/gaoptout?hl=de<br>Erfahren Sie mehr zu den Datenschutzbedingungen von Google und Google Analytics unter: http:\/\/www.google.com\/analytics\/terms\/de.html oder unter https:\/\/www.google.de\/intl\/de\/policies\/.<\/p>\n\n\n\n<h2 class=\"wp-block-heading\">Google Web Fonts<\/h2>\n\n\n\n<p>Diese Seite nutzt zur einheitlichen Darstellung von Schriftarten so genannte Web Fonts, die von Google bereitgestellt werden. Beim Aufruf einer Seite l\u00e4dt Ihr Browser die ben\u00f6tigten Web Fonts in ihren Browsercache, um Texte und Schriftarten korrekt anzuzeigen.<\/p>\n\n\n\n<p>Zu diesem Zweck muss der von Ihnen verwendete Browser Verbindung zu den Servern von Google aufnehmen. Hierdurch erlangt Google Kenntnis dar\u00fcber, dass \u00fcber Ihre IP-Adresse unsere Website aufgerufen wurde. Die Nutzung von Google Web Fonts erfolgt im Interesse einer einheitlichen und ansprechenden Darstellung unserer Online-Angebote.<\/p>\n\n\n\n<p>Wenn Ihr Browser Web Fonts nicht unterst\u00fctzt, wird eine Standardschrift von Ihrem Computer genutzt.&nbsp;Weitere Informationen zu Google Web Fonts finden Sie unter https:\/\/developers.google.com\/fonts\/faq und in der Datenschutzerkl\u00e4rung von Google:&nbsp;<a href=\"https:\/\/www.google.com\/policies\/privacy\/\" target=\"_blank\" rel=\"noreferrer noopener\">https:\/\/www.google.com\/policies\/privacy\/<\/a>.<\/p>\n\n\n\n<h2 class=\"wp-block-heading\">Google Analytics Remarketing<\/h2>\n\n\n\n<p>Wir setzen auf unserer Webseite die Remarketing-Funktion der Google Inc. ein. Mit dieser Funktion pr\u00e4sentieren wir gemeinsam mit Google unseren Besuchern angepasste und interessenbezogene Werbeanzeigen. Dabei werden auf Ihrem Rechner Cookies gesetzt. Das sind Textdateien, die Nutzers beim Aufruf von Seiten wiedererkennen und so eine interessengerechte Werbung im gesamten Google-Netzwerk m\u00f6glich machen. Google verneint in diesem Zusammenhang die Erhebung von personenbezogenen Daten und stellt nach eigenen Angaben auch keine Verbindungen zu anderen Google-Services her.<br>Sie k\u00f6nnen die Remarketing-Funktion von Google unterbinden, indem Sie entsprechende Einstellungen unter http:\/\/www.google.com\/settings\/ads durchf\u00fchren. Weiterhin l\u00e4sst sich der Einsatz von Cookies \u00fcber http:\/\/www.networkadvertising.org\/managing\/opt_out.asp oder durch ge\u00e4nderte Einstellungen in Ihrem Browser deaktivieren. Nutzen Sie gegebenenfalls dessen Hilfe-Funktion. N\u00e4heres zum Google Remarketing und der allgemeinen Datenschutzerkl\u00e4rung von Google erfahren Sie unter: http:\/\/www.google.com\/privacy\/ads\/.<\/p>\n\n\n\n<h2 class=\"wp-block-heading\">Keine Abmahnung ohne vorherigen Kontakt!<\/h2>\n\n\n\n<p>Sollten Inhalt oder Gestaltung dieser Seiten Rechte Dritter oder gesetzliche Bestimmungen verletzen, wird um eine entsprechende kostenfreie Nachricht gebeten. Wir garantieren, dass zu Recht beanstandeter Inhalt unverz\u00fcglich entfernt oder unzul\u00e4ssige Gestaltungen beseitigt werden, ohne dass die Einschaltung eines Rechtsbeistandes erforderlich ist. Ohne vorherige Kontaktaufnahme verursachte Kosten werden nicht akzeptiert !<\/p>\n\n\n\n<p>Diese Datenschutzerkl\u00e4rung wurde zum Teil erstellt durch&nbsp;<a href=\"https:\/\/www.datenschutzexperte.de\/\">www.datenschutzexperte.de<\/a><\/p>\n\n\n\n<p>Letzte Aktualisierung: 18.12.2024<\/p>\n","protected":false},"excerpt":{"rendered":"<p>Datenschutzerkl\u00e4rung Die Kontaktdaten des Unternehmens:\u00b4s Nadelwerk, J\u00fcrgen SchneiderEschenweg 23\/1, D-88356 OstrachE-Mail-Adresse: info@s-nadelwerk.de Die Kontaktdaten des Datenschutzbeauftragten:\u00b4s Nadelwerk, J\u00fcrgen SchneiderEschenweg 23\/1, D-88356 OstrachE-Mail-Adresse: info@s-nadelwerk.de Datenschutzerkl\u00e4rung Sie erhalten als Nutzer unserer Internetseite in dieser Datenschutzerkl\u00e4rung alle notwendigen Informationen dar\u00fcber, wie, in welchem Umfang sowie zu welchem Zweck wir oder Drittanbieter Daten von Ihnen erheben und diese verwenden. [&hellip;]<\/p>\n","protected":false},"author":1,"featured_media":0,"parent":0,"menu_order":0,"comment_status":"closed","ping_status":"open","template":"","meta":{"footnotes":""},"class_list":["post-3","page","type-page","status-publish","hentry","entry","owp-thumbs-layout-horizontal","owp-btn-normal","owp-tabs-layout-horizontal","has-no-thumbnails","has-product-nav"],"_links":{"self":[{"href":"https:\/\/s-nadelwerk.de\/shop\/wp-json\/wp\/v2\/pages\/3","targetHints":{"allow":["GET"]}}],"collection":[{"href":"https:\/\/s-nadelwerk.de\/shop\/wp-json\/wp\/v2\/pages"}],"about":[{"href":"https:\/\/s-nadelwerk.de\/shop\/wp-json\/wp\/v2\/types\/page"}],"author":[{"embeddable":true,"href":"https:\/\/s-nadelwerk.de\/shop\/wp-json\/wp\/v2\/users\/1"}],"replies":[{"embeddable":true,"href":"https:\/\/s-nadelwerk.de\/shop\/wp-json\/wp\/v2\/comments?post=3"}],"version-history":[{"count":5,"href":"https:\/\/s-nadelwerk.de\/shop\/wp-json\/wp\/v2\/pages\/3\/revisions"}],"predecessor-version":[{"id":4380,"href":"https:\/\/s-nadelwerk.de\/shop\/wp-json\/wp\/v2\/pages\/3\/revisions\/4380"}],"wp:attachment":[{"href":"https:\/\/s-nadelwerk.de\/shop\/wp-json\/wp\/v2\/media?parent=3"}],"curies":[{"name":"wp","href":"https:\/\/api.w.org\/{rel}","templated":true}]}}