{"id":3709,"date":"2024-06-17T07:56:54","date_gmt":"2024-06-17T05:56:54","guid":{"rendered":"https:\/\/s-nadelwerk.de\/shop\/?page_id=3709"},"modified":"2024-06-17T08:00:18","modified_gmt":"2024-06-17T06:00:18","slug":"3709-2","status":"publish","type":"page","link":"https:\/\/s-nadelwerk.de\/shop\/3709-2\/","title":{"rendered":"Wartung"},"content":{"rendered":"\n<p><\/p>\n\n\n\n<p class=\"has-text-align-center\"><strong>Unser Shop wird gerade f\u00fcr Euch  \u00fcberarbeitet. Bitte besucht uns sp\u00e4ter noch einmal.<\/strong><\/p>\n\n\n\n<p class=\"has-text-align-center\"><strong>Danke<\/strong><\/p>\n","protected":false},"excerpt":{"rendered":"<p>Unser Shop wird gerade f\u00fcr Euch \u00fcberarbeitet. Bitte besucht uns sp\u00e4ter noch einmal. Danke<\/p>\n","protected":false},"author":1,"featured_media":0,"parent":0,"menu_order":0,"comment_status":"closed","ping_status":"closed","template":"","meta":{"footnotes":""},"class_list":["post-3709","page","type-page","status-publish","hentry","entry","owp-thumbs-layout-horizontal","owp-btn-normal","owp-tabs-layout-horizontal","has-no-thumbnails","has-product-nav"],"_links":{"self":[{"href":"https:\/\/s-nadelwerk.de\/shop\/wp-json\/wp\/v2\/pages\/3709","targetHints":{"allow":["GET"]}}],"collection":[{"href":"https:\/\/s-nadelwerk.de\/shop\/wp-json\/wp\/v2\/pages"}],"about":[{"href":"https:\/\/s-nadelwerk.de\/shop\/wp-json\/wp\/v2\/types\/page"}],"author":[{"embeddable":true,"href":"https:\/\/s-nadelwerk.de\/shop\/wp-json\/wp\/v2\/users\/1"}],"replies":[{"embeddable":true,"href":"https:\/\/s-nadelwerk.de\/shop\/wp-json\/wp\/v2\/comments?post=3709"}],"version-history":[{"count":3,"href":"https:\/\/s-nadelwerk.de\/shop\/wp-json\/wp\/v2\/pages\/3709\/revisions"}],"predecessor-version":[{"id":3712,"href":"https:\/\/s-nadelwerk.de\/shop\/wp-json\/wp\/v2\/pages\/3709\/revisions\/3712"}],"wp:attachment":[{"href":"https:\/\/s-nadelwerk.de\/shop\/wp-json\/wp\/v2\/media?parent=3709"}],"curies":[{"name":"wp","href":"https:\/\/api.w.org\/{rel}","templated":true}]}}